{"id":7242,"date":"2021-11-11T13:41:06","date_gmt":"2021-11-11T18:41:06","guid":{"rendered":"https:\/\/railcan2022.wpengine.com\/safety\/"},"modified":"2026-02-12T16:07:27","modified_gmt":"2026-02-12T21:07:27","slug":"securite","status":"publish","type":"page","link":"https:\/\/www.railcan.ca\/fr\/securite\/","title":{"rendered":"S\u00e9curit\u00e9"},"content":{"rendered":"\n<div id=\"intro\" class=\"wp-block-group is-layout-flow wp-block-group-is-layout-flow\">\n<h2 class=\"wp-block-heading\">Traiter la s\u00e9curit\u00e9 en priorit\u00e9<\/h2>\n\n\n\n<p class=\"is-style-lead\">La s\u00e9curit\u00e9 n\u2019est pas qu\u2019une simple priorit\u00e9 pour les chemins de fer du Canada\u2014c\u2019est une valeur fondamentale. \u00c9tant parmi les chemins de fer les plus s\u00fbrs du monde, nos membres travaillent sans rel\u00e2che pour prot\u00e9ger les Canadiens qui ont besoin du transport ferroviaire tous les jours, qu\u2019ils vivent pr\u00e8s de voies ferr\u00e9es, travaillent dans le secteur ou d\u00e9pendent des biens transport\u00e9s. Des investissements dans l\u2019infrastructure et la technologie de pointe \u00e0 l\u2019offre d\u2019une formation sp\u00e9cialis\u00e9e pour les intervenants d\u2019urgence qui manutentionnent des marchandises dangereuses, les chemins de fer&nbsp;du Canada mettent tout en \u0153uvre pour assurer que la s\u00e9curit\u00e9 est toujours la priorit\u00e9 n\u2070&nbsp;1. &nbsp;<\/p>\n<\/div>\n\n\n\n<div style=\"height:50px\" aria-hidden=\"true\" class=\"wp-block-spacer\"><\/div>\n\n\n\n<div id=\"documents\" class=\"wp-block-group is-layout-flow wp-block-group-is-layout-flow\">\n<h2 class=\"wp-block-heading\">En savoir plus<\/h2>\n\n\n            <div id=\"text-buckets-block_c2c9c19130b005d087f547e3c91ea20c\" class=\"text-buckets\">\n                                    <div class=\"text-bucket\">\n                                                    <h3 class=\"pb-2\">Chemins de fer canadiens : La s\u00e9curit\u00e9 avant tout<\/h3>\n                            <a href=\"https:\/\/www.railcan.ca\/wp-content\/uploads\/2026\/02\/SPARK-RAC-INFOGRAPHIC_SAFETY-2026-FR2-1.pdf\" class=\"btn-secondary\">\n                                Savoir plus                            <\/a>\n                                            <\/div>\n                            <\/div>\n        <\/div>\n\n\n\n<hr class=\"wp-block-separator has-alpha-channel-opacity\"\/>\n\n\n\n<div id=\"resources\" class=\"wp-block-group is-layout-flow wp-block-group-is-layout-flow\">\n<h2 class=\"wp-block-heading\">Ressources<\/h2>\n\n\n            <div id=\"text-buckets-block_5e4557681f671bcea9905cad014f31cb\" class=\"text-buckets\">\n                                    <div class=\"text-bucket\">\n                                                    <h3 class=\"pb-2\">Services de spectre radio<\/h3>\n                            <a href=\"\/fr\/securite\/services-de-spectre-radio\/\" class=\"btn-secondary\">\n                                Savoir plus                            <\/a>\n                                            <\/div>\n                                    <div class=\"text-bucket\">\n                                                    <h3 class=\"pb-2\">Transporter les marchandises dangereuses en toute s\u00e9curit\u00e9<\/h3>\n                            <a href=\"\/fr\/securite\/safely-transporting-dangerous-goods\/\" class=\"btn-secondary\">\n                                Savoir plus                            <\/a>\n                                            <\/div>\n                                    <div class=\"text-bucket\">\n                                                    <h3 class=\"pb-2\">Culture de la s\u00e9curit\u00e9<\/h3>\n                            <a href=\"\/fr\/securite\/initiative-culture-de-la-securite\/\" class=\"btn-secondary\">\n                                Savoir plus                            <\/a>\n                                            <\/div>\n                                    <div class=\"text-bucket\">\n                                                    <h3 class=\"pb-2\">TRANSCAER<\/h3>\n                            <a href=\"\/fr\/securite\/transcaer\/\" class=\"btn-secondary\">\n                                Savoir plus                            <\/a>\n                                            <\/div>\n                                    <div class=\"text-bucket\">\n                                                    <h3 class=\"pb-2\">Op\u00e9ration Gareautrain<\/h3>\n                            <a href=\"\/fr\/securite\/operation-gareautrain\/\" class=\"btn-secondary\">\n                                Savoir plus                            <\/a>\n                                            <\/div>\n                                    <div class=\"text-bucket\">\n                                                    <h3 class=\"pb-2\">AskRail<\/h3>\n                            <a href=\"\/fr\/securite\/askrail\/\" class=\"btn-secondary\">\n                                Savoir plus                            <\/a>\n                                            <\/div>\n                                    <div class=\"text-bucket\">\n                                                    <h3 class=\"pb-2\">Services m\u00e9caniques<\/h3>\n                            <a href=\"\/fr\/securite\/services-mecaniques\/\" class=\"btn-secondary\">\n                                Savoir plus                            <\/a>\n                                            <\/div>\n                                    <div class=\"text-bucket\">\n                                                    <h3 class=\"pb-2\">Initiative sur les questions de voisinage<\/h3>\n                            <a href=\"\/fr\/securite\/initiative-sur-les-questions-de-voisinage\/\" class=\"btn-secondary\">\n                                Savoir plus                            <\/a>\n                                            <\/div>\n                            <\/div>\n        \n\n\n<div class=\"wp-block-columns is-layout-flex wp-container-core-columns-is-layout-9d6595d7 wp-block-columns-is-layout-flex\">\n<div class=\"wp-block-column is-layout-flow wp-block-column-is-layout-flow\"><\/div>\n<\/div>\n<\/div>\n","protected":false},"excerpt":{"rendered":"<p>Traiter la s\u00e9curit\u00e9 en priorit\u00e9 La s\u00e9curit\u00e9 n\u2019est pas qu\u2019une simple priorit\u00e9 pour les chemins de fer du Canada\u2014c\u2019est une valeur fondamentale. \u00c9tant parmi les chemins de fer les plus s\u00fbrs du monde, nos membres travaillent sans rel\u00e2che pour prot\u00e9ger les Canadiens qui ont besoin du transport ferroviaire tous les jours, qu\u2019ils vivent pr\u00e8s de [&hellip;]<\/p>\n","protected":false},"author":35,"featured_media":0,"parent":0,"menu_order":0,"comment_status":"closed","ping_status":"closed","template":"inner-page.php","meta":{"_acf_changed":true,"om_disable_all_campaigns":false,"inline_featured_image":false,"_monsterinsights_skip_tracking":false,"_monsterinsights_sitenote_active":false,"_monsterinsights_sitenote_note":"","_monsterinsights_sitenote_category":0,"footnotes":""},"class_list":["post-7242","page","type-page","status-publish","hentry"],"acf":[],"aioseo_notices":[],"_links":{"self":[{"href":"https:\/\/www.railcan.ca\/fr\/wp-json\/wp\/v2\/pages\/7242","targetHints":{"allow":["GET"]}}],"collection":[{"href":"https:\/\/www.railcan.ca\/fr\/wp-json\/wp\/v2\/pages"}],"about":[{"href":"https:\/\/www.railcan.ca\/fr\/wp-json\/wp\/v2\/types\/page"}],"author":[{"embeddable":true,"href":"https:\/\/www.railcan.ca\/fr\/wp-json\/wp\/v2\/users\/35"}],"replies":[{"embeddable":true,"href":"https:\/\/www.railcan.ca\/fr\/wp-json\/wp\/v2\/comments?post=7242"}],"version-history":[{"count":0,"href":"https:\/\/www.railcan.ca\/fr\/wp-json\/wp\/v2\/pages\/7242\/revisions"}],"wp:attachment":[{"href":"https:\/\/www.railcan.ca\/fr\/wp-json\/wp\/v2\/media?parent=7242"}],"curies":[{"name":"wp","href":"https:\/\/api.w.org\/{rel}","templated":true}]}}