{"id":6584,"date":"2021-05-10T13:43:30","date_gmt":"2021-05-10T17:43:30","guid":{"rendered":"https:\/\/railcandev.wpengine.com\/?page_id=6584"},"modified":"2021-05-19T16:34:10","modified_gmt":"2021-05-19T20:34:10","slug":"kleo-landucci","status":"publish","type":"page","link":"https:\/\/www.railcan.ca\/fr\/ressources\/les-femmes-du-secteur-ferroviaire\/kleo-landucci\/","title":{"rendered":"Women In Rail"},"content":{"rendered":"<p>&nbsp;<\/p>\n<h2 style=\"text-align: center;\">Kleo Landucci<\/h2>\n<h3 style=\"text-align: center;\">Membre du Conseil et chef, Affaires commerciales et g\u00e9n\u00e9rales, Terminal d\u2019Ashcroft<\/h3>\n<p><img loading=\"lazy\" decoding=\"async\" width=\"334\" height=\"334\" class=\"size-full wp-image-6391 aligncenter\" src=\"https:\/\/railcan.ca\/wp-content\/uploads\/2021\/04\/kleo_headshot.png\" alt=\"\" srcset=\"https:\/\/www.railcan.ca\/wp-content\/uploads\/2021\/04\/kleo_headshot.png 334w, https:\/\/www.railcan.ca\/wp-content\/uploads\/2021\/04\/kleo_headshot-150x150.png 150w\" sizes=\"auto, (max-width: 334px) 100vw, 334px\" \/><\/p>\n<p>Dire que Kleo Landucci est une personne multit\u00e2che sous-estimerait consid\u00e9rablement tout ce que fait cette fi\u00e8re Vancouv\u00e9roise jour apr\u00e8s jour.<\/p>\n<p>La dirigeante du Terminal d\u2019Ashcroft non seulement supervise la strat\u00e9gie commerciale de l\u2019entreprise, mais s\u2019occupe du d\u00e9veloppement des affaires et des relations avec les intervenants et les clients. Elle est actionnaire du Terminal d\u2019Ashcroft et si\u00e8ge au conseil de l\u2019entreprise, ainsi qu\u2019au conseil de deux groupes industriels.<\/p>\n<p>Elle est aussi pr\u00e9sidente-directrice g\u00e9n\u00e9rale et pr\u00e9sidente du conseil de la firme d\u2019investissement de sa famille, et m\u00e8re de deux enfants actifs.<\/p>\n<p>Et pourtant, Kleo trouve le temps de donner aux organisations communautaires qui lui tiennent \u00e0 c\u0153ur.<\/p>\n<p>Pour une femme qui a lanc\u00e9 sa premi\u00e8re entreprise \u00e0 l\u2019\u00e2ge de 8 ans seulement, ce n\u2019est pas une seconde nature, c\u2019est dans sa nature.<\/p>\n<p>\u00ab\u00a0En g\u00e9n\u00e9ral, les femmes sont plut\u00f4t excellentes avec le multit\u00e2che, dit Kleo. Nous pouvons analyser et \u00e9laborer des strat\u00e9gies parce que nous avons l\u2019habitude d\u2019utiliser diff\u00e9rentes optiques et de regarder les choses sous diff\u00e9rents angles. \u00c7a fait partie de ce que nous apportons \u00e0 la table.\u00a0\u00bb<\/p>\n<p>Kleo a l\u2019habitude d\u2019\u00eatre la seule femme \u00e0 la table, \u00ab\u00a0o\u00f9 on doit croire \u00e0 qui on est et o\u00f9 on ne peut compter que sur soi\u00a0\u00bb.<\/p>\n<p>Les secteurs qu\u2019elle choisit sont traditionnellement domin\u00e9s par des hommes. Et quand elle dit \u00eatre \u00ab\u00a0entour\u00e9e de personnes formidables\u00a0\u00bb pendant toute sa carri\u00e8re, \u00ab\u00a0c\u2019est \u00e0 chaque personne de d\u00e9foncer le plafond de verre et de laisser du verre partout sur le sol\u00a0\u00bb.<\/p>\n<p>Elle cite sa m\u00e8re, biologiste de la vie marine et pilote commerciale, et la pr\u00e9sidente de Shell Canada Susannah Pierce comme des mod\u00e8les f\u00e9minins sur une liste de partisans qui comprend \u00e9galement son p\u00e8re et ses pr\u00e9c\u00e9dents patrons.<\/p>\n<p>Kleo dit \u00eatre fi\u00e8re des femmes \u00ab\u00a0superstar\u00a0\u00bb de son \u00e9quipe au Terminal d\u2019Ashcroft, et elle les aide \u00e0 \u00e9quilibrer leur carri\u00e8re et leur famille avec d\u2019autres demandes.<\/p>\n<p>Pour ce qui est d\u2019avoir plus de femmes sans son entreprise et d\u2019autres de mani\u00e8re \u00e0 la fois significative et authentique, elle dit que nous devons partir de l\u2019\u00e9galit\u00e9.<\/p>\n<p>\u00ab\u00a0Nous devons appliquer l\u2019optique fondamentale de l\u2019\u00e9galit\u00e9, que ce soit \u00e0 la table du conseil ou \u00e0 la table \u00e0 manger.\u00a0\u00bb<\/p>\n<p>Elle ajoute\u00a0: \u00ab\u00a0La meilleure chance que nous avons est d\u2019influencer nos enfants \u00e0 la table \u00e0 manger et d\u2019assurer que la prochaine g\u00e9n\u00e9ration verra les gens \u2013 tous les gens \u2013 pour ce qu\u2019ils sont. Sur les enjeux syst\u00e9miques, nous devons chercher \u00e0 faire des gains g\u00e9n\u00e9rationnels. \u00c7a se fait \u00e0 long terme.\u00a0\u00bb<\/p>\n<p>Apprenez \u00e0 conna\u00eetre tous nos pan\u00e9listes pour l&rsquo;\u00e9v\u00e9nement <a href=\"https:\/\/railcan.ca\/event\/women-in-rail\/\" target=\"_blank\" rel=\"noopener\">Women In Rail ici<\/a>.<\/p>\n","protected":false},"excerpt":{"rendered":"<p>&nbsp; Kleo Landucci Membre du Conseil et chef, Affaires commerciales et g\u00e9n\u00e9rales, Terminal d\u2019Ashcroft Dire que Kleo Landucci est une personne multit\u00e2che sous-estimerait consid\u00e9rablement tout ce que fait cette fi\u00e8re Vancouv\u00e9roise jour apr\u00e8s jour. La dirigeante du Terminal d\u2019Ashcroft non seulement supervise la strat\u00e9gie commerciale de l\u2019entreprise, mais s\u2019occupe du d\u00e9veloppement des affaires et des [&hellip;]<\/p>\n","protected":false},"author":35,"featured_media":0,"parent":10563,"menu_order":0,"comment_status":"closed","ping_status":"closed","template":"","meta":{"_acf_changed":false,"om_disable_all_campaigns":false,"inline_featured_image":false,"_monsterinsights_skip_tracking":false,"_monsterinsights_sitenote_active":false,"_monsterinsights_sitenote_note":"","_monsterinsights_sitenote_category":0,"footnotes":""},"class_list":["post-6584","page","type-page","status-publish","hentry"],"acf":[],"aioseo_notices":[],"_links":{"self":[{"href":"https:\/\/www.railcan.ca\/fr\/wp-json\/wp\/v2\/pages\/6584","targetHints":{"allow":["GET"]}}],"collection":[{"href":"https:\/\/www.railcan.ca\/fr\/wp-json\/wp\/v2\/pages"}],"about":[{"href":"https:\/\/www.railcan.ca\/fr\/wp-json\/wp\/v2\/types\/page"}],"author":[{"embeddable":true,"href":"https:\/\/www.railcan.ca\/fr\/wp-json\/wp\/v2\/users\/35"}],"replies":[{"embeddable":true,"href":"https:\/\/www.railcan.ca\/fr\/wp-json\/wp\/v2\/comments?post=6584"}],"version-history":[{"count":0,"href":"https:\/\/www.railcan.ca\/fr\/wp-json\/wp\/v2\/pages\/6584\/revisions"}],"up":[{"embeddable":true,"href":"https:\/\/www.railcan.ca\/fr\/wp-json\/wp\/v2\/pages\/10563"}],"wp:attachment":[{"href":"https:\/\/www.railcan.ca\/fr\/wp-json\/wp\/v2\/media?parent=6584"}],"curies":[{"name":"wp","href":"https:\/\/api.w.org\/{rel}","templated":true}]}}