{"id":590,"date":"2016-10-10T14:26:29","date_gmt":"2016-10-10T14:26:29","guid":{"rendered":"http:\/\/railcan.wpengine.com\/who-we-are-2\/"},"modified":"2021-02-04T15:39:21","modified_gmt":"2021-02-04T20:39:21","slug":"qui-nous-sommes","status":"publish","type":"page","link":"https:\/\/www.railcan.ca\/fr\/qui-nous-sommes\/","title":{"rendered":"Qui nous sommes"},"content":{"rendered":"<h1>Association des chemins de fer du Canada<\/h1>\n<p>L\u2019Association des chemins de fer du Canada est l\u2019une des principales associations commerciales du Canada. Cliquez ci-dessous pour en savoir plus sur l\u2019organisation, ses membres et membres associ\u00e9s, son Conseil d\u2019administration, son personnel et son processus de demande d\u2019adh\u00e9sion.<\/p>\n<div class='linkbox-container '><a class='grid-item linkbox' href='https:\/\/www.railcan.ca\/fr\/a-propos-de-lacfc\/'><div class='linkbox-content spacer'><\/p>\n<h2>\u00c0 propos de l&rsquo;ACFC<\/h2>\n<p>L\u2019Association des chemins de fer du Canada (ACFC) repr\u00e9sente pr\u00e8s de 60 chemins de fer marchandises et voyageurs, qui acheminent plus de 100 millions de voyageurs et plus de 320 milliards de dollars en marchandises chaque ann\u00e9e au Canada.<\/p>\n<p><\/div><\/a><a class='grid-item linkbox' href='https:\/\/www.railcan.ca\/fr\/a-propos-de-lacfc\/personnel-de-lacfc\/'><div class='linkbox-content spacer'><\/p>\n<h2>Personnel de l&rsquo;ACFC<\/h2>\n<p>Le personnel de l\u2019Association des chemins de fer du Canada est une \u00e9quipe de professionnels d\u00e9vou\u00e9s qui ont une exp\u00e9rience tr\u00e8s vari\u00e9e \u2014 exploitation ferroviaire, affaires gouvernementales et relations avec les m\u00e9dias.<\/p>\n<p><\/div><\/a><a class='grid-item linkbox' href='https:\/\/www.railcan.ca\/fr\/rejoignez-acfc-membres\/membres-de-lacfc\/'><div class='linkbox-content spacer'><\/p>\n<h2>Membres de l&rsquo;ACFC<\/h2>\n<p>L\u2019ACFC fait valoir les int\u00e9r\u00eats de ses membres afin que le secteur ferroviaire demeure concurrentiel au niveau mondial, \u00e9cologiquement durable, et surtout s\u00fbr.<\/p>\n<p><\/div><\/a><a class='grid-item linkbox' href='https:\/\/www.railcan.ca\/fr\/a-propos-de-lacfc\/conseil-dadministration-de-lacfc\/'><div class='linkbox-content spacer'><\/p>\n<h2>Conseil d\u2019administration de l&rsquo;ACFC<\/h2>\n<p>Le Conseil d\u2019administration de l\u2019Association des chemins de fer du Canada est form\u00e9 de leaders de l\u2019industrie des chemins de fer de classe I, d\u2019int\u00e9r\u00eat local, de banlieue et intervilles du Canada.<\/p>\n<p><\/div><\/a><a class='grid-item linkbox' href='https:\/\/www.railcan.ca\/fr\/rejoignez-acfc-membres\/membres-associes-de-lacfc\/'><div class='linkbox-content spacer'><\/p>\n<h2>Membres associ\u00e9s<\/h2>\n<p>L\u2019Association des chemins de fer du Canada (ACFC) repr\u00e9sente non seulement pr\u00e8s de 60 chemins de fer marchandises, intervilles, de banlieue et touristiques, mais compte un nombre grandissant de membres associ\u00e9s.<\/p>\n<p><\/div><\/a><\/div>\n","protected":false},"excerpt":{"rendered":"<p>Association des chemins de fer du Canada L\u2019Association des chemins de fer du Canada est l\u2019une des principales associations commerciales du Canada. Cliquez ci-dessous pour en savoir plus sur l\u2019organisation, ses membres et membres associ\u00e9s, son Conseil d\u2019administration, son personnel et son processus de demande d\u2019adh\u00e9sion.<\/p>\n","protected":false},"author":3,"featured_media":0,"parent":0,"menu_order":1,"comment_status":"closed","ping_status":"closed","template":"","meta":{"_acf_changed":false,"om_disable_all_campaigns":false,"inline_featured_image":false,"_monsterinsights_skip_tracking":false,"_monsterinsights_sitenote_active":false,"_monsterinsights_sitenote_note":"","_monsterinsights_sitenote_category":0,"footnotes":""},"class_list":["post-590","page","type-page","status-publish","hentry"],"acf":[],"aioseo_notices":[],"_links":{"self":[{"href":"https:\/\/www.railcan.ca\/fr\/wp-json\/wp\/v2\/pages\/590","targetHints":{"allow":["GET"]}}],"collection":[{"href":"https:\/\/www.railcan.ca\/fr\/wp-json\/wp\/v2\/pages"}],"about":[{"href":"https:\/\/www.railcan.ca\/fr\/wp-json\/wp\/v2\/types\/page"}],"author":[{"embeddable":true,"href":"https:\/\/www.railcan.ca\/fr\/wp-json\/wp\/v2\/users\/3"}],"replies":[{"embeddable":true,"href":"https:\/\/www.railcan.ca\/fr\/wp-json\/wp\/v2\/comments?post=590"}],"version-history":[{"count":0,"href":"https:\/\/www.railcan.ca\/fr\/wp-json\/wp\/v2\/pages\/590\/revisions"}],"wp:attachment":[{"href":"https:\/\/www.railcan.ca\/fr\/wp-json\/wp\/v2\/media?parent=590"}],"curies":[{"name":"wp","href":"https:\/\/api.w.org\/{rel}","templated":true}]}}