{"id":163223,"date":"2025-11-18T17:11:01","date_gmt":"2025-11-18T22:11:01","guid":{"rendered":"https:\/\/www.railcan.ca\/?page_id=163223"},"modified":"2025-11-18T17:11:02","modified_gmt":"2025-11-18T22:11:02","slug":"lambros-george","status":"publish","type":"page","link":"https:\/\/www.railcan.ca\/fr\/lambros-george\/","title":{"rendered":"Dr. George Lambros"},"content":{"rendered":"\n<div class=\"wp-block-columns are-vertically-aligned-top is-layout-flex wp-container-core-columns-is-layout-9d6595d7 wp-block-columns-is-layout-flex\">\n<div class=\"wp-block-column is-vertically-aligned-top is-layout-flow wp-block-column-is-layout-flow\" style=\"flex-basis:50%\">\n<h2 class=\"wp-block-heading\">Dr. George Lambros, m\u00e9decin-chef, CPKC<\/h2>\n\n\n\n<p>M\u00e9decin-chef et m\u00e9decin d&rsquo;entreprise CPKC<\/p>\n\n\n\n<p>Copr\u00e9sident du groupe consultatif m\u00e9dical de l&rsquo;Association des chemins de fer du Canada<\/p>\n<\/div>\n\n\n\n<div class=\"wp-block-column is-vertically-aligned-top is-layout-flow wp-block-column-is-layout-flow\" style=\"flex-basis:50%\">\n<figure class=\"wp-block-image aligncenter size-full is-resized is-style-default\"><img loading=\"lazy\" decoding=\"async\" width=\"385\" height=\"508\" src=\"https:\/\/www.railcan.ca\/wp-content\/uploads\/2025\/09\/Dr.-George-Lambros.jpg\" alt=\"Dr. George Lambros\" class=\"wp-image-163198\" style=\"width:207px;height:auto\" srcset=\"https:\/\/www.railcan.ca\/wp-content\/uploads\/2025\/09\/Dr.-George-Lambros.jpg 385w, https:\/\/www.railcan.ca\/wp-content\/uploads\/2025\/09\/Dr.-George-Lambros-227x300.jpg 227w\" sizes=\"auto, (max-width: 385px) 100vw, 385px\" \/><\/figure>\n<\/div>\n<\/div>\n\n\n\n<p><\/p>\n","protected":false},"excerpt":{"rendered":"<p>Dr. George Lambros, m\u00e9decin-chef, CPKC M\u00e9decin-chef et m\u00e9decin d&rsquo;entreprise CPKC Copr\u00e9sident du groupe consultatif m\u00e9dical de l&rsquo;Association des chemins de fer du Canada<\/p>\n","protected":false},"author":1208,"featured_media":0,"parent":0,"menu_order":0,"comment_status":"closed","ping_status":"closed","template":"","meta":{"_acf_changed":false,"om_disable_all_campaigns":false,"inline_featured_image":false,"_monsterinsights_skip_tracking":false,"_monsterinsights_sitenote_active":false,"_monsterinsights_sitenote_note":"","_monsterinsights_sitenote_category":0,"footnotes":""},"class_list":["post-163223","page","type-page","status-publish","hentry"],"acf":[],"aioseo_notices":[],"_links":{"self":[{"href":"https:\/\/www.railcan.ca\/fr\/wp-json\/wp\/v2\/pages\/163223","targetHints":{"allow":["GET"]}}],"collection":[{"href":"https:\/\/www.railcan.ca\/fr\/wp-json\/wp\/v2\/pages"}],"about":[{"href":"https:\/\/www.railcan.ca\/fr\/wp-json\/wp\/v2\/types\/page"}],"author":[{"embeddable":true,"href":"https:\/\/www.railcan.ca\/fr\/wp-json\/wp\/v2\/users\/1208"}],"replies":[{"embeddable":true,"href":"https:\/\/www.railcan.ca\/fr\/wp-json\/wp\/v2\/comments?post=163223"}],"version-history":[{"count":0,"href":"https:\/\/www.railcan.ca\/fr\/wp-json\/wp\/v2\/pages\/163223\/revisions"}],"wp:attachment":[{"href":"https:\/\/www.railcan.ca\/fr\/wp-json\/wp\/v2\/media?parent=163223"}],"curies":[{"name":"wp","href":"https:\/\/api.w.org\/{rel}","templated":true}]}}