{"id":162511,"date":"2025-06-04T09:40:39","date_gmt":"2025-06-04T13:40:39","guid":{"rendered":"https:\/\/www.railcan.ca\/?page_id=162511"},"modified":"2025-06-04T10:42:19","modified_gmt":"2025-06-04T14:42:19","slug":"josee-ouellet","status":"publish","type":"page","link":"https:\/\/www.railcan.ca\/fr\/josee-ouellet\/","title":{"rendered":"Josee Ouellet"},"content":{"rendered":"\n<div class=\"wp-block-columns are-vertically-aligned-top is-layout-flex wp-container-core-columns-is-layout-9d6595d7 wp-block-columns-is-layout-flex\">\n<div class=\"wp-block-column is-vertically-aligned-top is-layout-flow wp-block-column-is-layout-flow\" style=\"flex-basis:50%\">\n<p>Chef de file dynamique de l\u2019industrie ferroviaire avec 30 ans d\u2019exp\u00e9rience et m\u00e8re de trois adolescents.<\/p>\n\n\n\n<p>Chef de file dynamique avec plus de 30 ans d&rsquo;exp\u00e9rience dans le secteur ferroviaire international.<\/p>\n\n\n\n<p>Jos\u00e9e d\u00e9tient un baccalaur\u00e9at en g\u00e9nie m\u00e9canique de l&rsquo;Universit\u00e9 de Sherbrooke. Sa carri\u00e8re a \u00e9t\u00e9 diversifi\u00e9e tant en ce qui concerne les postes qu&rsquo;elle a occup\u00e9s que les connaissances acquises gr\u00e2ce aux diff\u00e9rentes affectations internationales sur plusieurs continents.<\/p>\n\n\n\n<p>Elle a occup\u00e9 des r\u00f4les cl\u00e9s dans les domaines de l&rsquo;assurance qualit\u00e9, de l&rsquo;am\u00e9lioration continue, de la gestion de projet, de l&rsquo;approvisionnement et de la cha\u00eene d&rsquo;approvisionnement, de la gestion d&rsquo;appels d&rsquo;offres, de la strat\u00e9gie et maintenant des services ferroviaires.<\/p>\n\n\n\n<p>En plus de travailler en Am\u00e9rique du Nord, elle a occup\u00e9 des mandats en Asie, en Europe et plus r\u00e9cemment en Australie, o\u00f9 elle a dirig\u00e9 des soumissions de partenariats public-priv\u00e9 complexes li\u00e9es au rail pendant trois ans.<\/p>\n\n\n\n<p>Bas\u00e9e au Qu\u00e9bec, Canada, elle dirige maintenant la ligne de produits Services pour Alstom Am\u00e9rique du Nord, supervisant une \u00e9quipe d\u00e9vou\u00e9e d\u2019environ 3 900 experts r\u00e9partis dans plus de 35 centres de services au Canada et aux \u00c9tats-Unis. Alstom Services, le plus grand op\u00e9rateur ferroviaire priv\u00e9 en Am\u00e9rique du Nord, offre une gamme compl\u00e8te de services personnalis\u00e9s, incluant l\u2019entretien, la modernisation, la num\u00e9risation, les pi\u00e8ces et r\u00e9parations, ainsi que le soutien. L\u2019entreprise r\u00e9alise des renouvellements majeurs de flottes et de locomotives, la r\u00e9vision de composants principaux et la vente de pi\u00e8ces pour diverses flottes en Am\u00e9rique du Nord.<\/p>\n<\/div>\n\n\n\n<div class=\"wp-block-column is-vertically-aligned-top is-layout-flow wp-block-column-is-layout-flow\" style=\"flex-basis:50%\">\n<figure class=\"wp-block-image alignleft size-large is-resized is-style-default\"><img loading=\"lazy\" decoding=\"async\" width=\"683\" height=\"1024\" src=\"https:\/\/www.railcan.ca\/wp-content\/uploads\/2025\/06\/Josee-Ouellet-683x1024.jpg\" alt=\"\" class=\"wp-image-162520\" style=\"width:295px;height:auto\" srcset=\"https:\/\/www.railcan.ca\/wp-content\/uploads\/2025\/06\/Josee-Ouellet-683x1024.jpg 683w, https:\/\/www.railcan.ca\/wp-content\/uploads\/2025\/06\/Josee-Ouellet-200x300.jpg 200w, https:\/\/www.railcan.ca\/wp-content\/uploads\/2025\/06\/Josee-Ouellet-768x1152.jpg 768w, https:\/\/www.railcan.ca\/wp-content\/uploads\/2025\/06\/Josee-Ouellet-1024x1536.jpg 1024w, https:\/\/www.railcan.ca\/wp-content\/uploads\/2025\/06\/Josee-Ouellet-1366x2048.jpg 1366w, https:\/\/www.railcan.ca\/wp-content\/uploads\/2025\/06\/Josee-Ouellet-scaled.jpg 1707w\" sizes=\"auto, (max-width: 683px) 100vw, 683px\" \/><\/figure>\n<\/div>\n<\/div>\n","protected":false},"excerpt":{"rendered":"<p>Chef de file dynamique de l\u2019industrie ferroviaire avec 30 ans d\u2019exp\u00e9rience et m\u00e8re de trois adolescents. Chef de file dynamique avec plus de 30 ans d&rsquo;exp\u00e9rience dans le secteur ferroviaire international. Jos\u00e9e d\u00e9tient un baccalaur\u00e9at en g\u00e9nie m\u00e9canique de l&rsquo;Universit\u00e9 de Sherbrooke. Sa carri\u00e8re a \u00e9t\u00e9 diversifi\u00e9e tant en ce qui concerne les postes qu&rsquo;elle [&hellip;]<\/p>\n","protected":false},"author":1118,"featured_media":0,"parent":0,"menu_order":0,"comment_status":"closed","ping_status":"closed","template":"","meta":{"_acf_changed":false,"om_disable_all_campaigns":false,"inline_featured_image":false,"_monsterinsights_skip_tracking":false,"_monsterinsights_sitenote_active":false,"_monsterinsights_sitenote_note":"","_monsterinsights_sitenote_category":0,"footnotes":""},"class_list":["post-162511","page","type-page","status-publish","hentry"],"acf":[],"aioseo_notices":[],"_links":{"self":[{"href":"https:\/\/www.railcan.ca\/fr\/wp-json\/wp\/v2\/pages\/162511","targetHints":{"allow":["GET"]}}],"collection":[{"href":"https:\/\/www.railcan.ca\/fr\/wp-json\/wp\/v2\/pages"}],"about":[{"href":"https:\/\/www.railcan.ca\/fr\/wp-json\/wp\/v2\/types\/page"}],"author":[{"embeddable":true,"href":"https:\/\/www.railcan.ca\/fr\/wp-json\/wp\/v2\/users\/1118"}],"replies":[{"embeddable":true,"href":"https:\/\/www.railcan.ca\/fr\/wp-json\/wp\/v2\/comments?post=162511"}],"version-history":[{"count":0,"href":"https:\/\/www.railcan.ca\/fr\/wp-json\/wp\/v2\/pages\/162511\/revisions"}],"wp:attachment":[{"href":"https:\/\/www.railcan.ca\/fr\/wp-json\/wp\/v2\/media?parent=162511"}],"curies":[{"name":"wp","href":"https:\/\/api.w.org\/{rel}","templated":true}]}}