{"id":162331,"date":"2025-05-21T09:54:35","date_gmt":"2025-05-21T13:54:35","guid":{"rendered":"https:\/\/www.railcan.ca\/?page_id=162331"},"modified":"2025-05-21T09:54:36","modified_gmt":"2025-05-21T13:54:36","slug":"michelle-bourdon","status":"publish","type":"page","link":"https:\/\/www.railcan.ca\/fr\/michelle-bourdon\/","title":{"rendered":"Michelle Bourdon"},"content":{"rendered":"\n<div class=\"wp-block-columns are-vertically-aligned-top is-layout-flex wp-container-core-columns-is-layout-9d6595d7 wp-block-columns-is-layout-flex\">\n<div class=\"wp-block-column is-vertically-aligned-top is-layout-flow wp-block-column-is-layout-flow\" style=\"flex-basis:50%\">\n<p>Michelle Bourdon est une dirigeante d\u00e9vou\u00e9e, titulaire d\u2019une ma\u00eetrise en d\u00e9veloppement \u00e9conomique communautaire et en leadership strat\u00e9gique.<\/p>\n\n\n\n<p>\u00c0 titre de directrice de l\u2019acquisition des talents au CPKC, poste qu\u2019elle occupe depuis pr\u00e8s de trois ans, Michelle joue un r\u00f4le essentiel dans l\u2019ex\u00e9cution de strat\u00e9gies de recrutement, l\u2019optimisation des r\u00e9serves de talents et l\u2019int\u00e9gration d\u2019une approche syst\u00e9mique du d\u00e9veloppement de la main-d\u2019\u0153uvre.<\/p>\n\n\n\n<p>Pendant toute sa carri\u00e8re, Michelle a toujours fait preuve d\u2019une expertise de la formation de partenariats solides, l\u2019am\u00e9lioration de la collaboration et la mise en \u0153uvre de pratiques de recrutement ax\u00e9es sur la communaut\u00e9.<\/p>\n\n\n\n<p>Sa ma\u00eetrise du fran\u00e7ais et de l\u2019anglais renforce encore sa capacit\u00e9 \u00e0 s\u2019engager efficacement aupr\u00e8s de divers groupes et intervenants.<\/p>\n\n\n\n<p>La passion de Michelle pour l\u2019innovation, li\u00e9e \u00e0 son engagement \u00e0 aligner les strat\u00e9gies en mati\u00e8re de talents sur les objectifs organisationnels, fait d\u2019elle une leader dynamique dans le domaine de l\u2019acquisition de talents.<\/p>\n\n\n\n<p>Sa passion pour aider les autres \u00e0 r\u00e9ussir et sa volont\u00e9 de faire la diff\u00e9rence se refl\u00e8tent dans tous les aspects de son travail.<\/p>\n<\/div>\n\n\n\n<div class=\"wp-block-column is-vertically-aligned-top is-layout-flow wp-block-column-is-layout-flow\" style=\"flex-basis:50%\">\n<figure class=\"wp-block-image alignleft size-large is-resized is-style-default\"><img loading=\"lazy\" decoding=\"async\" width=\"683\" height=\"1024\" src=\"https:\/\/www.railcan.ca\/wp-content\/uploads\/2025\/03\/15002-1-683x1024.jpg\" alt=\"\" class=\"wp-image-162322\" style=\"width:295px;height:auto\" srcset=\"https:\/\/www.railcan.ca\/wp-content\/uploads\/2025\/03\/15002-1-683x1024.jpg 683w, https:\/\/www.railcan.ca\/wp-content\/uploads\/2025\/03\/15002-1-200x300.jpg 200w, https:\/\/www.railcan.ca\/wp-content\/uploads\/2025\/03\/15002-1-768x1151.jpg 768w, https:\/\/www.railcan.ca\/wp-content\/uploads\/2025\/03\/15002-1-1025x1536.jpg 1025w, https:\/\/www.railcan.ca\/wp-content\/uploads\/2025\/03\/15002-1-1366x2048.jpg 1366w, https:\/\/www.railcan.ca\/wp-content\/uploads\/2025\/03\/15002-1-scaled.jpg 1708w\" sizes=\"auto, (max-width: 683px) 100vw, 683px\" \/><\/figure>\n<\/div>\n<\/div>\n","protected":false},"excerpt":{"rendered":"<p>Michelle Bourdon est une dirigeante d\u00e9vou\u00e9e, titulaire d\u2019une ma\u00eetrise en d\u00e9veloppement \u00e9conomique communautaire et en leadership strat\u00e9gique. \u00c0 titre de directrice de l\u2019acquisition des talents au CPKC, poste qu\u2019elle occupe depuis pr\u00e8s de trois ans, Michelle joue un r\u00f4le essentiel dans l\u2019ex\u00e9cution de strat\u00e9gies de recrutement, l\u2019optimisation des r\u00e9serves de talents et l\u2019int\u00e9gration d\u2019une approche [&hellip;]<\/p>\n","protected":false},"author":1118,"featured_media":0,"parent":0,"menu_order":0,"comment_status":"closed","ping_status":"closed","template":"","meta":{"_acf_changed":false,"om_disable_all_campaigns":false,"inline_featured_image":false,"_monsterinsights_skip_tracking":false,"_monsterinsights_sitenote_active":false,"_monsterinsights_sitenote_note":"","_monsterinsights_sitenote_category":0,"footnotes":""},"class_list":["post-162331","page","type-page","status-publish","hentry"],"acf":[],"aioseo_notices":[],"_links":{"self":[{"href":"https:\/\/www.railcan.ca\/fr\/wp-json\/wp\/v2\/pages\/162331","targetHints":{"allow":["GET"]}}],"collection":[{"href":"https:\/\/www.railcan.ca\/fr\/wp-json\/wp\/v2\/pages"}],"about":[{"href":"https:\/\/www.railcan.ca\/fr\/wp-json\/wp\/v2\/types\/page"}],"author":[{"embeddable":true,"href":"https:\/\/www.railcan.ca\/fr\/wp-json\/wp\/v2\/users\/1118"}],"replies":[{"embeddable":true,"href":"https:\/\/www.railcan.ca\/fr\/wp-json\/wp\/v2\/comments?post=162331"}],"version-history":[{"count":0,"href":"https:\/\/www.railcan.ca\/fr\/wp-json\/wp\/v2\/pages\/162331\/revisions"}],"wp:attachment":[{"href":"https:\/\/www.railcan.ca\/fr\/wp-json\/wp\/v2\/media?parent=162331"}],"curies":[{"name":"wp","href":"https:\/\/api.w.org\/{rel}","templated":true}]}}