{"id":14772,"date":"2024-10-28T15:58:00","date_gmt":"2024-10-28T19:58:00","guid":{"rendered":"https:\/\/www.railcan.ca\/?page_id=14772"},"modified":"2024-10-28T15:58:02","modified_gmt":"2024-10-28T19:58:02","slug":"laura-mcnichol","status":"publish","type":"page","link":"https:\/\/www.railcan.ca\/fr\/laura-mcnichol\/","title":{"rendered":"Laura McNichol"},"content":{"rendered":"\n<div class=\"wp-block-columns are-vertically-aligned-top is-layout-flex wp-container-core-columns-is-layout-9d6595d7 wp-block-columns-is-layout-flex\">\n<div class=\"wp-block-column is-vertically-aligned-top is-layout-flow wp-block-column-is-layout-flow\" style=\"flex-basis:50%\">\n<h2 class=\"wp-block-heading\">Laura McNichol, Vice-pr\u00e9sidente principale et directrice du d\u00e9veloppement durable pour Watco<\/h2>\n\n\n\n<p>Laura est la vice-pr\u00e9sidente principale et directrice du d\u00e9veloppement durable \u00e0 Watco. Laura a men\u00e9e des efforts pour assurer des fonds pour les chemins de fer et terminaux de sa compagnie, pour les relations gouvernementales, la durabilit\u00e9, les relations avec les communaut\u00e9s autochtone et l\u2019engagement des intervenants. Durant son mandat avec Watco, elle a supervis\u00e9 les efforts de la compagnie pour assurer le cr\u00e9dit d\u2019imp\u00f4t f\u00e9d\u00e9ral 45G pour l\u2019entretien des lignes courtes, le d\u00e9veloppement de cr\u00e9dit d\u2019imp\u00f4t semblable pour les \u00e9tats et les provinces, ainsi que du financement pour un projet de plus de 200 millions de dollar pour les chemins de fer de Watco.&nbsp;<\/p>\n\n\n\n<p>\u202fLaura est la repr\u00e9sentante de Watco au Conseil d\u2019administration des lignes courtes am\u00e9ricaines, l\u2019Association des chemins de fer r\u00e9gionaux et l\u2019Association de chemin de fer am\u00e9ricain. Originaire du New Jersey, Laura est dipl\u00f4m\u00e9e de l\u2019universit\u00e9 Rutgers. Elle habite dans le Vieux-Alexandria en Virginie avec ses chers chiens.\u00a0<\/p>\n<\/div>\n\n\n\n<div class=\"wp-block-column is-vertically-aligned-top is-layout-flow wp-block-column-is-layout-flow\" style=\"flex-basis:50%\">\n<figure class=\"wp-block-image aligncenter size-full is-style-default\"><img loading=\"lazy\" decoding=\"async\" width=\"5504\" height=\"8256\" src=\"https:\/\/www.railcan.ca\/wp-content\/uploads\/2024\/08\/McNichol-Headshot.jpg\" alt=\"\" class=\"wp-image-14733\" srcset=\"https:\/\/www.railcan.ca\/wp-content\/uploads\/2024\/08\/McNichol-Headshot.jpg 5504w, https:\/\/www.railcan.ca\/wp-content\/uploads\/2024\/08\/McNichol-Headshot-200x300.jpg 200w, https:\/\/www.railcan.ca\/wp-content\/uploads\/2024\/08\/McNichol-Headshot-683x1024.jpg 683w, https:\/\/www.railcan.ca\/wp-content\/uploads\/2024\/08\/McNichol-Headshot-768x1152.jpg 768w, https:\/\/www.railcan.ca\/wp-content\/uploads\/2024\/08\/McNichol-Headshot-1024x1536.jpg 1024w\" sizes=\"auto, (max-width: 5504px) 100vw, 5504px\" \/><\/figure>\n<\/div>\n<\/div>\n","protected":false},"excerpt":{"rendered":"<p>Laura McNichol, Vice-pr\u00e9sidente principale et directrice du d\u00e9veloppement durable pour Watco Laura est la vice-pr\u00e9sidente principale et directrice du d\u00e9veloppement durable \u00e0 Watco. Laura a men\u00e9e des efforts pour assurer des fonds pour les chemins de fer et terminaux de sa compagnie, pour les relations gouvernementales, la durabilit\u00e9, les relations avec les communaut\u00e9s autochtone et [&hellip;]<\/p>\n","protected":false},"author":1118,"featured_media":0,"parent":0,"menu_order":0,"comment_status":"closed","ping_status":"closed","template":"","meta":{"_acf_changed":false,"om_disable_all_campaigns":false,"inline_featured_image":false,"_monsterinsights_skip_tracking":false,"_monsterinsights_sitenote_active":false,"_monsterinsights_sitenote_note":"","_monsterinsights_sitenote_category":0,"footnotes":""},"class_list":["post-14772","page","type-page","status-publish","hentry"],"acf":[],"aioseo_notices":[],"_links":{"self":[{"href":"https:\/\/www.railcan.ca\/fr\/wp-json\/wp\/v2\/pages\/14772","targetHints":{"allow":["GET"]}}],"collection":[{"href":"https:\/\/www.railcan.ca\/fr\/wp-json\/wp\/v2\/pages"}],"about":[{"href":"https:\/\/www.railcan.ca\/fr\/wp-json\/wp\/v2\/types\/page"}],"author":[{"embeddable":true,"href":"https:\/\/www.railcan.ca\/fr\/wp-json\/wp\/v2\/users\/1118"}],"replies":[{"embeddable":true,"href":"https:\/\/www.railcan.ca\/fr\/wp-json\/wp\/v2\/comments?post=14772"}],"version-history":[{"count":0,"href":"https:\/\/www.railcan.ca\/fr\/wp-json\/wp\/v2\/pages\/14772\/revisions"}],"wp:attachment":[{"href":"https:\/\/www.railcan.ca\/fr\/wp-json\/wp\/v2\/media?parent=14772"}],"curies":[{"name":"wp","href":"https:\/\/api.w.org\/{rel}","templated":true}]}}