{"id":14019,"date":"2024-05-02T10:10:49","date_gmt":"2024-05-02T14:10:49","guid":{"rendered":"https:\/\/www.railcan.ca\/2024-shortline-conference-france-daviault\/"},"modified":"2024-05-02T10:15:12","modified_gmt":"2024-05-02T14:15:12","slug":"2024-shortline-conference-france-daviault","status":"publish","type":"page","link":"https:\/\/www.railcan.ca\/fr\/ressources\/shortlines-3\/2024-shortline-conference-france-daviault\/","title":{"rendered":"Conf\u00e9rence Shortline 2024 : France Daviault"},"content":{"rendered":"\n<div class=\"wp-block-columns are-vertically-aligned-top is-layout-flex wp-container-core-columns-is-layout-9d6595d7 wp-block-columns-is-layout-flex\">\n<div class=\"wp-block-column is-vertically-aligned-top is-layout-flow wp-block-column-is-layout-flow\" style=\"flex-basis:50%\">\n<h2 class=\"wp-block-heading\">France Daviault, PDG, Forum canadien sur l\u2019apprentissage<\/h2>\n\n\n\n<p>France (pronom elle) est la PDG du Forum canadien sur l&rsquo;apprentissage, la seule organisation au Canada qui rassemble des intervenants en apprentissage de tous les m\u00e9tiers, de tous les secteurs et de partout au Canada pour partager des informations et des pratiques prometteuses, identifier les d\u00e9fis et proposer des solutions conjointes.&nbsp;&nbsp;<\/p>\n\n\n\n<p>France est une fervente partisan de l&rsquo;apprentissage en tant que cheminement \u00e9ducatif viable et \u00e9quitable au Canada et un d\u00e9fenseur&nbsp; d&rsquo;une meilleure inclusion des personnes non repr\u00e9sent\u00e9es dans les m\u00e9tiers sp\u00e9cialis\u00e9s. Elle a \u00e9t\u00e9 conseill\u00e8re aupr\u00e8s de divers minist\u00e8res f\u00e9d\u00e9raux si\u00e9geant \u00e0 de nombreux comit\u00e9s et tables rondes repr\u00e9sentant des intervenants en apprentissage de partout au pays et repr\u00e9sente le Canada au Forum trilat\u00e9ral trilat\u00e9ral sur le d\u00e9veloppement de la main-d&rsquo;\u0153uvre en Am\u00e9rique du Nord. France si\u00e8ge actuellement au conseil d&rsquo;administration de la Soci\u00e9t\u00e9 canadienne des directeurs d&rsquo;association et est membre du comit\u00e9 de leadership \u00e9clair\u00e9 de Fiert\u00e9 au travail Canada. France est titulaire d&rsquo;une ma\u00eetrise en communication internationale et interculturelle de l&rsquo;Universit\u00e9 Royal Roads, est un cadre d&rsquo;association certifi\u00e9e (CAE) et un praticienne accr\u00e9dit\u00e9e en gestion des connaissances (CKM).&nbsp;<\/p>\n\n\n\n<p>France est \u00e9galement fi\u00e8re d&rsquo;\u00eatre officier dans la R\u00e9serve de l&rsquo;Arm\u00e9e des Forces arm\u00e9es canadiennes.&nbsp;<\/p>\n\n\n\n<div style=\"height:100px\" aria-hidden=\"true\" class=\"wp-block-spacer\"><\/div>\n\n\n\n<div class=\"wp-block-buttons is-layout-flex wp-block-buttons-is-layout-flex\">\n<div class=\"wp-block-button\"><a class=\"wp-block-button__link wp-element-button\" href=\"https:\/\/www.railcan.ca\/fr\/event\/2024-shortline-conference\/\">S&rsquo;inscrire \u00e0 la conf\u00e9rence Shortline 2024<\/a><\/div>\n<\/div>\n<\/div>\n\n\n\n<div class=\"wp-block-column is-vertically-aligned-top is-layout-flow wp-block-column-is-layout-flow\" style=\"flex-basis:50%\">\n<figure class=\"wp-block-image aligncenter size-large is-style-default\"><img loading=\"lazy\" decoding=\"async\" width=\"1024\" height=\"1024\" src=\"https:\/\/www.railcan.ca\/wp-content\/uploads\/2024\/05\/Fdaviault-headshot-2023-scaled-e1714659018217-1024x1024.jpg\" alt=\"\" class=\"wp-image-14017\" srcset=\"https:\/\/www.railcan.ca\/wp-content\/uploads\/2024\/05\/Fdaviault-headshot-2023-scaled-e1714659018217-1024x1024.jpg 1024w, https:\/\/www.railcan.ca\/wp-content\/uploads\/2024\/05\/Fdaviault-headshot-2023-scaled-e1714659018217-300x300.jpg 300w, https:\/\/www.railcan.ca\/wp-content\/uploads\/2024\/05\/Fdaviault-headshot-2023-scaled-e1714659018217-270x270.jpg 270w, https:\/\/www.railcan.ca\/wp-content\/uploads\/2024\/05\/Fdaviault-headshot-2023-scaled-e1714659018217-768x768.jpg 768w, https:\/\/www.railcan.ca\/wp-content\/uploads\/2024\/05\/Fdaviault-headshot-2023-scaled-e1714659018217-1536x1536.jpg 1536w, https:\/\/www.railcan.ca\/wp-content\/uploads\/2024\/05\/Fdaviault-headshot-2023-scaled-e1714659018217.jpg 1826w\" sizes=\"auto, (max-width: 1024px) 100vw, 1024px\" \/><\/figure>\n<\/div>\n<\/div>\n","protected":false},"excerpt":{"rendered":"<p>France Daviault, PDG, Forum canadien sur l\u2019apprentissage France (pronom elle) est la PDG du Forum canadien sur l&rsquo;apprentissage, la seule organisation au Canada qui rassemble des intervenants en apprentissage de tous les m\u00e9tiers, de tous les secteurs et de partout au Canada pour partager des informations et des pratiques prometteuses, identifier les d\u00e9fis et proposer [&hellip;]<\/p>\n","protected":false},"author":2,"featured_media":0,"parent":14094,"menu_order":0,"comment_status":"closed","ping_status":"closed","template":"","meta":{"_acf_changed":false,"om_disable_all_campaigns":false,"inline_featured_image":false,"_monsterinsights_skip_tracking":false,"_monsterinsights_sitenote_active":false,"_monsterinsights_sitenote_note":"","_monsterinsights_sitenote_category":0,"footnotes":""},"class_list":["post-14019","page","type-page","status-publish","hentry"],"acf":[],"aioseo_notices":[],"_links":{"self":[{"href":"https:\/\/www.railcan.ca\/fr\/wp-json\/wp\/v2\/pages\/14019","targetHints":{"allow":["GET"]}}],"collection":[{"href":"https:\/\/www.railcan.ca\/fr\/wp-json\/wp\/v2\/pages"}],"about":[{"href":"https:\/\/www.railcan.ca\/fr\/wp-json\/wp\/v2\/types\/page"}],"author":[{"embeddable":true,"href":"https:\/\/www.railcan.ca\/fr\/wp-json\/wp\/v2\/users\/2"}],"replies":[{"embeddable":true,"href":"https:\/\/www.railcan.ca\/fr\/wp-json\/wp\/v2\/comments?post=14019"}],"version-history":[{"count":0,"href":"https:\/\/www.railcan.ca\/fr\/wp-json\/wp\/v2\/pages\/14019\/revisions"}],"up":[{"embeddable":true,"href":"https:\/\/www.railcan.ca\/fr\/wp-json\/wp\/v2\/pages\/14094"}],"wp:attachment":[{"href":"https:\/\/www.railcan.ca\/fr\/wp-json\/wp\/v2\/media?parent=14019"}],"curies":[{"name":"wp","href":"https:\/\/api.w.org\/{rel}","templated":true}]}}