{"id":12181,"date":"2023-06-06T16:20:56","date_gmt":"2023-06-06T20:20:56","guid":{"rendered":"https:\/\/www.railcan.ca\/?page_id=12181"},"modified":"2024-09-25T13:45:05","modified_gmt":"2024-09-25T17:45:05","slug":"tina-sheaves","status":"publish","type":"page","link":"https:\/\/www.railcan.ca\/fr\/ressources\/les-femmes-du-secteur-ferroviaire\/tina-sheaves\/","title":{"rendered":"Les femmes du secteur ferroviaire :\u00a0Tina Sheaves"},"content":{"rendered":"\n<div class=\"wp-block-columns are-vertically-aligned-center is-layout-flex wp-container-core-columns-is-layout-9d6595d7 wp-block-columns-is-layout-flex\">\n<div class=\"wp-block-column is-vertically-aligned-center is-layout-flow wp-block-column-is-layout-flow\" style=\"flex-basis:50%\">\n<h2 class=\"wp-block-heading\">&nbsp;Tina Sheaves<br><em>&nbsp; Directrice g\u00e9n\u00e9rale de l\u2019exploitation (Ontario)&nbsp;<\/em><\/h2>\n\n\n\n<p>Tina Sheaves, directrice g\u00e9n\u00e9rale de l\u2019exploitation (Ontario), est responsable des op\u00e9rations de transport de marchandises du CPKC dans le sud de l\u2019Ontario.<\/p>\n\n\n\n<p>Comptant plus de 30&nbsp;ans d\u2019exp\u00e9rience au sein de l\u2019industrie ferroviaire, Tina a travaill\u00e9 pour les deux chemins de fer canadiens de classe&nbsp;1, et elle est \u00e0 l\u2019emploi du CPKC depuis 2013. Au cours de sa carri\u00e8re, elle a occup\u00e9 des postes dans tous les domaines touchant aux op\u00e9rations, dont les suivants&nbsp;: ing\u00e9nierie, services intermodaux, m\u00e9canique, trains et locomotives.<\/p>\n\n\n\n<p>R\u00e9solue \u00e0 promouvoir l\u2019excellence op\u00e9rationnelle et la s\u00e9curit\u00e9, Tina a \u0153uvr\u00e9 sans rel\u00e2che au fil des ans pour optimiser le rendement de plusieurs gares et terminaux du CPKC.<\/p>\n\n\n\n<p>En outre, Tina milite ardemment en faveur de la diversit\u00e9 et de l\u2019inclusion, et elle contribue activement au r\u00e9seau de leadership f\u00e9minin du CPKC. Elle nourrit la passion d\u2019aider d\u2019autres femmes \u00e0 r\u00e9ussir dans un secteur domin\u00e9 par les hommes et, \u00e0 titre de mentore, accompagne plusieurs femmes \u00e0 diff\u00e9rents niveaux de l\u2019organisation.<\/p>\n\n\n\n<figure class=\"wp-block-embed is-type-video is-provider-youtube wp-block-embed-youtube wp-embed-aspect-16-9 wp-has-aspect-ratio\"><div class=\"wp-block-embed__wrapper\">\n<iframe loading=\"lazy\" title=\"Tina Sheaves\" width=\"640\" height=\"360\" src=\"https:\/\/www.youtube.com\/embed\/Tc6ot1415cU?feature=oembed\" frameborder=\"0\" allow=\"accelerometer; autoplay; clipboard-write; encrypted-media; gyroscope; picture-in-picture; web-share\" referrerpolicy=\"strict-origin-when-cross-origin\" allowfullscreen><\/iframe>\n<\/div><\/figure>\n\n\n\n<div style=\"height:100px\" aria-hidden=\"true\" class=\"wp-block-spacer\"><\/div>\n\n\n\n<div class=\"wp-block-buttons is-layout-flex wp-block-buttons-is-layout-flex\">\n<div class=\"wp-block-button\"><a class=\"wp-block-button__link wp-element-button\" href=\"https:\/\/www.railcan.ca\/fr\/resources\/women-in-rail\/\">Les femmes du secteur ferroviaire<\/a><\/div>\n\n\n\n<div class=\"wp-block-button\"><a class=\"wp-block-button__link wp-element-button\" href=\"https:\/\/www.railcan.ca\/fr\/event\/wir-virtual-conference-2023\/\">Joignez-vous \u00e0 nous \u00e0 la Conf\u00e9rence Les femmes du secteur ferroviaire<\/a><\/div>\n<\/div>\n<\/div>\n\n\n\n<div class=\"wp-block-column is-vertically-aligned-center is-layout-flow wp-block-column-is-layout-flow\" style=\"flex-basis:50%\">\n<figure class=\"wp-block-image aligncenter size-full\"><img loading=\"lazy\" decoding=\"async\" width=\"649\" height=\"800\" src=\"https:\/\/www.railcan.ca\/wp-content\/uploads\/2023\/06\/Tina-Sheaves-wir.jpg\" alt=\"Tina Sheaves\" class=\"wp-image-12178\" srcset=\"https:\/\/www.railcan.ca\/wp-content\/uploads\/2023\/06\/Tina-Sheaves-wir.jpg 649w, https:\/\/www.railcan.ca\/wp-content\/uploads\/2023\/06\/Tina-Sheaves-wir-243x300.jpg 243w\" sizes=\"auto, (max-width: 649px) 100vw, 649px\" \/><\/figure>\n<\/div>\n<\/div>\n","protected":false},"excerpt":{"rendered":"<p>&nbsp;Tina Sheaves&nbsp; Directrice g\u00e9n\u00e9rale de l\u2019exploitation (Ontario)&nbsp; Tina Sheaves, directrice g\u00e9n\u00e9rale de l\u2019exploitation (Ontario), est responsable des op\u00e9rations de transport de marchandises du CPKC dans le sud de l\u2019Ontario. Comptant plus de 30&nbsp;ans d\u2019exp\u00e9rience au sein de l\u2019industrie ferroviaire, Tina a travaill\u00e9 pour les deux chemins de fer canadiens de classe&nbsp;1, et elle est \u00e0 [&hellip;]<\/p>\n","protected":false},"author":2,"featured_media":0,"parent":10563,"menu_order":0,"comment_status":"closed","ping_status":"closed","template":"page-no-hero.php","meta":{"_acf_changed":false,"om_disable_all_campaigns":false,"inline_featured_image":false,"_monsterinsights_skip_tracking":false,"_monsterinsights_sitenote_active":false,"_monsterinsights_sitenote_note":"","_monsterinsights_sitenote_category":0,"footnotes":""},"class_list":["post-12181","page","type-page","status-publish","hentry"],"acf":[],"aioseo_notices":[],"_links":{"self":[{"href":"https:\/\/www.railcan.ca\/fr\/wp-json\/wp\/v2\/pages\/12181","targetHints":{"allow":["GET"]}}],"collection":[{"href":"https:\/\/www.railcan.ca\/fr\/wp-json\/wp\/v2\/pages"}],"about":[{"href":"https:\/\/www.railcan.ca\/fr\/wp-json\/wp\/v2\/types\/page"}],"author":[{"embeddable":true,"href":"https:\/\/www.railcan.ca\/fr\/wp-json\/wp\/v2\/users\/2"}],"replies":[{"embeddable":true,"href":"https:\/\/www.railcan.ca\/fr\/wp-json\/wp\/v2\/comments?post=12181"}],"version-history":[{"count":0,"href":"https:\/\/www.railcan.ca\/fr\/wp-json\/wp\/v2\/pages\/12181\/revisions"}],"up":[{"embeddable":true,"href":"https:\/\/www.railcan.ca\/fr\/wp-json\/wp\/v2\/pages\/10563"}],"wp:attachment":[{"href":"https:\/\/www.railcan.ca\/fr\/wp-json\/wp\/v2\/media?parent=12181"}],"curies":[{"name":"wp","href":"https:\/\/api.w.org\/{rel}","templated":true}]}}