{"id":12170,"date":"2023-06-06T13:35:05","date_gmt":"2023-06-06T17:35:05","guid":{"rendered":"https:\/\/www.railcan.ca\/?page_id=12170"},"modified":"2024-09-25T13:45:04","modified_gmt":"2024-09-25T17:45:04","slug":"tracy-power","status":"publish","type":"page","link":"https:\/\/www.railcan.ca\/fr\/ressources\/les-femmes-du-secteur-ferroviaire\/tracy-power\/","title":{"rendered":"Les femmes du secteur ferroviaire : \u00a0Tracy Power"},"content":{"rendered":"\n<div class=\"wp-block-columns are-vertically-aligned-center is-layout-flex wp-container-core-columns-is-layout-9d6595d7 wp-block-columns-is-layout-flex\">\n<div class=\"wp-block-column is-vertically-aligned-center is-layout-flow wp-block-column-is-layout-flow\" style=\"flex-basis:50%\">\n<h2 class=\"wp-block-heading\">&nbsp;Tracy Power<br><em>&nbsp;Directrice principale de l\u2019approvisionnement et des inventaires \u00e0 VIA Rail Canada&nbsp;<\/em><\/h2>\n\n\n\n<p>Tracy Power est directrice principale de l\u2019approvisionnement et des inventaires \u00e0 VIA Rail Canada.\u00a0 Elle s\u2019est jointe \u00e0 VIA en 2015 \u00e0 titre de gestionnaire principale de l\u2019approvisionnement et, en 2016, elle a \u00e9t\u00e9 nomm\u00e9e directrice de l\u2019approvisionnement et de l\u2019inventaire.\u00a0 Dans son r\u00f4le actuel, elle supervise l\u2019approvisionnement strat\u00e9gique, la gestion des stocks, la gestion du rendement des fournisseurs et la gouvernance pour l\u2019approvisionnement de VIA Rail dans huit provinces.\u00a0 Sa connaissance et sa compr\u00e9hension de l\u2019industrie ferroviaire et des op\u00e9rations de VIA, combin\u00e9es \u00e0 son exp\u00e9rience en approvisionnement et \u00e0 son esprit visionnaire, ont contribu\u00e9 \u00e0 plusieurs n\u00e9gociations strat\u00e9giques fructueuses au cours des derni\u00e8res ann\u00e9es.\u00a0 En plus de ses huit ann\u00e9es dans l\u2019industrie ferroviaire, elle termine actuellement sa derni\u00e8re ann\u00e9e en tant que membre du conseil d\u2019administration du Club des chemins de fers canadien.<br>\u00a0<br>Depuis plus de 20 ans, sa carri\u00e8re s\u2019est \u00e9tendue \u00e0 plusieurs secteurs, notamment les transports, les communications, les services de technologie de l\u2019information et l\u2019immobilier. Elle est passionn\u00e9e par le fait d\u2019aider les gens \u00e0 r\u00e9ussir, le d\u00e9veloppement personnel et la prestation de services de qualit\u00e9.\u00a0<br>\u00a0<br>Tracy a quitt\u00e9 sa ville natale de Sept-\u00celes \u00e0 l\u2019\u00e2ge de 19 ans pour \u00e9tudier la psychologie et l\u2019administration \u00e0 l\u2019Universit\u00e9 McGill.\u00a0 La d\u00e9termination, le courage, la curiosit\u00e9 et l\u2019atteinte des objectifs ont \u00e9t\u00e9 et continuent d\u2019\u00eatre des facteurs de motivation dans ses r\u00e9alisations personnelles et professionnelles.<\/p>\n\n\n\n<figure class=\"wp-block-embed is-type-video is-provider-youtube wp-block-embed-youtube wp-embed-aspect-16-9 wp-has-aspect-ratio\"><div class=\"wp-block-embed__wrapper\">\n<iframe loading=\"lazy\" title=\"Tracy Power\" width=\"640\" height=\"360\" src=\"https:\/\/www.youtube.com\/embed\/QG08mZFfxgg?feature=oembed\" frameborder=\"0\" allow=\"accelerometer; autoplay; clipboard-write; encrypted-media; gyroscope; picture-in-picture; web-share\" referrerpolicy=\"strict-origin-when-cross-origin\" allowfullscreen><\/iframe>\n<\/div><\/figure>\n\n\n\n<div style=\"height:100px\" aria-hidden=\"true\" class=\"wp-block-spacer\"><\/div>\n\n\n\n<div class=\"wp-block-buttons is-layout-flex wp-block-buttons-is-layout-flex\">\n<div class=\"wp-block-button\"><a class=\"wp-block-button__link wp-element-button\" href=\"https:\/\/www.railcan.ca\/fr\/resources\/women-in-rail\/\">Les femmes du secteur ferroviaire<\/a><\/div>\n\n\n\n<div class=\"wp-block-button\"><a class=\"wp-block-button__link wp-element-button\" href=\"https:\/\/www.railcan.ca\/fr\/event\/wir-virtual-conference-2023\/\">Joignez-vous \u00e0 nous \u00e0 la Conf\u00e9rence Les femmes du secteur ferroviaire<\/a><\/div>\n<\/div>\n<\/div>\n\n\n\n<div class=\"wp-block-column is-vertically-aligned-center is-layout-flow wp-block-column-is-layout-flow\" style=\"flex-basis:50%\">\n<figure class=\"wp-block-image aligncenter size-full\"><img loading=\"lazy\" decoding=\"async\" width=\"328\" height=\"404\" src=\"https:\/\/www.railcan.ca\/wp-content\/uploads\/2023\/04\/Tracy-Power.png\" alt=\"Tracy Power\" class=\"wp-image-12175\" srcset=\"https:\/\/www.railcan.ca\/wp-content\/uploads\/2023\/04\/Tracy-Power.png 328w, https:\/\/www.railcan.ca\/wp-content\/uploads\/2023\/04\/Tracy-Power-244x300.png 244w\" sizes=\"auto, (max-width: 328px) 100vw, 328px\" \/><\/figure>\n<\/div>\n<\/div>\n","protected":false},"excerpt":{"rendered":"<p>&nbsp;Tracy Power&nbsp;Directrice principale de l\u2019approvisionnement et des inventaires \u00e0 VIA Rail Canada&nbsp; Tracy Power est directrice principale de l\u2019approvisionnement et des inventaires \u00e0 VIA Rail Canada.\u00a0 Elle s\u2019est jointe \u00e0 VIA en 2015 \u00e0 titre de gestionnaire principale de l\u2019approvisionnement et, en 2016, elle a \u00e9t\u00e9 nomm\u00e9e directrice de l\u2019approvisionnement et de l\u2019inventaire.\u00a0 Dans son [&hellip;]<\/p>\n","protected":false},"author":2,"featured_media":0,"parent":10563,"menu_order":0,"comment_status":"closed","ping_status":"closed","template":"page-no-hero.php","meta":{"_acf_changed":false,"om_disable_all_campaigns":false,"inline_featured_image":false,"_monsterinsights_skip_tracking":false,"_monsterinsights_sitenote_active":false,"_monsterinsights_sitenote_note":"","_monsterinsights_sitenote_category":0,"footnotes":""},"class_list":["post-12170","page","type-page","status-publish","hentry"],"acf":[],"aioseo_notices":[],"_links":{"self":[{"href":"https:\/\/www.railcan.ca\/fr\/wp-json\/wp\/v2\/pages\/12170","targetHints":{"allow":["GET"]}}],"collection":[{"href":"https:\/\/www.railcan.ca\/fr\/wp-json\/wp\/v2\/pages"}],"about":[{"href":"https:\/\/www.railcan.ca\/fr\/wp-json\/wp\/v2\/types\/page"}],"author":[{"embeddable":true,"href":"https:\/\/www.railcan.ca\/fr\/wp-json\/wp\/v2\/users\/2"}],"replies":[{"embeddable":true,"href":"https:\/\/www.railcan.ca\/fr\/wp-json\/wp\/v2\/comments?post=12170"}],"version-history":[{"count":0,"href":"https:\/\/www.railcan.ca\/fr\/wp-json\/wp\/v2\/pages\/12170\/revisions"}],"up":[{"embeddable":true,"href":"https:\/\/www.railcan.ca\/fr\/wp-json\/wp\/v2\/pages\/10563"}],"wp:attachment":[{"href":"https:\/\/www.railcan.ca\/fr\/wp-json\/wp\/v2\/media?parent=12170"}],"curies":[{"name":"wp","href":"https:\/\/api.w.org\/{rel}","templated":true}]}}