{"id":11461,"date":"2023-04-28T14:39:19","date_gmt":"2023-04-28T18:39:19","guid":{"rendered":"https:\/\/www.railcan.ca\/?page_id=11461"},"modified":"2024-09-25T13:45:05","modified_gmt":"2024-09-25T17:45:05","slug":"divya-shah","status":"publish","type":"page","link":"https:\/\/www.railcan.ca\/fr\/ressources\/les-femmes-du-secteur-ferroviaire\/divya-shah\/","title":{"rendered":"Les femmes du secteur ferroviaire : Divya Shah"},"content":{"rendered":"\n<div class=\"wp-block-columns are-vertically-aligned-center is-layout-flex wp-container-core-columns-is-layout-9d6595d7 wp-block-columns-is-layout-flex\">\n<div class=\"wp-block-column is-vertically-aligned-center is-layout-flow wp-block-column-is-layout-flow\" style=\"flex-basis:50%\">\n<h2 class=\"wp-block-heading\">Divya Shah<\/h2>\n\n\n\n<p>Divya est une professionnelle accomplie dans le domaine des investissements et des services financiers, avec une grande exp\u00e9rience du financement de projets, des march\u00e9s de capitaux et des partenariats publics-priv\u00e9s (PPP). Elle est actuellement directrice g\u00e9n\u00e9rale de la Banque de l\u2019infrastructure du Canada, o\u00f9 elle dirige l\u2019\u00e9quipe d\u2019investissement responsable du d\u00e9ploiement des capitaux et des investissements d\u2019impact dans les secteurs du commerce et du transport et des min\u00e9raux critiques.<\/p>\n\n\n\n<p>Avant d\u2019occuper son poste actuel, Divya a pass\u00e9 plus de dix ans \u00e0 Infrastructure Ontario, o\u00f9 elle \u00e9tait membre cl\u00e9 de l\u2019\u00e9quipe de financement des transactions. \u00c0 ce titre, elle a supervis\u00e9 plus de cent projets dans les secteurs social et civil, de l\u2019approvisionnement aux op\u00e9rations. De plus, Divya poss\u00e8de une exp\u00e9rience de l\u2019analyse des investissements par cr\u00e9dit et emprunt priv\u00e9s et a g\u00e9r\u00e9 efficacement des portefeuilles dans les secteurs des municipalit\u00e9s et des affaires.<\/p>\n\n\n\n<p>Divya est analyste financi\u00e8re agr\u00e9\u00e9e (CFA) et poss\u00e8de un MBA en banques et finances de la Rotman School of Business. Elle est membre ex\u00e9cutif actif de Women in Infrastructure et de l\u2019International Project Finance Association. Elle a \u00e9t\u00e9 reconnue comme membre de la Women\u2019s Leadership Initiative Championship Team en 2020 dans le cadre de l\u2019Urban Lands Initiative. Divya est \u00e9galement membre du Comit\u00e9 consultatif du d\u00e9veloppement du capital de l\u2019H\u00f4pital g\u00e9n\u00e9ral de North York.<\/p>\n\n\n\n<figure class=\"wp-block-embed is-type-video is-provider-youtube wp-block-embed-youtube wp-embed-aspect-16-9 wp-has-aspect-ratio\"><div class=\"wp-block-embed__wrapper\">\n<iframe loading=\"lazy\" title=\"Divya Shah\" width=\"640\" height=\"360\" src=\"https:\/\/www.youtube.com\/embed\/1Vxj5_4Lt7Q?feature=oembed\" frameborder=\"0\" allow=\"accelerometer; autoplay; clipboard-write; encrypted-media; gyroscope; picture-in-picture; web-share\" referrerpolicy=\"strict-origin-when-cross-origin\" allowfullscreen><\/iframe>\n<\/div><\/figure>\n\n\n\n<div style=\"height:100px\" aria-hidden=\"true\" class=\"wp-block-spacer\"><\/div>\n\n\n\n<div class=\"wp-block-buttons is-layout-flex wp-block-buttons-is-layout-flex\">\n<div class=\"wp-block-button\"><a class=\"wp-block-button__link wp-element-button\" href=\"https:\/\/www.railcan.ca\/fr\/resources\/women-in-rail\/\">Les femmes du secteur ferroviaire<\/a><\/div>\n\n\n\n<div class=\"wp-block-button\"><a class=\"wp-block-button__link wp-element-button\" href=\"https:\/\/www.railcan.ca\/fr\/event\/wir-virtual-conference-2023\/\">Joignez-vous \u00e0 nous \u00e0 la Conf\u00e9rence Les femmes du secteur ferroviaire<\/a><\/div>\n<\/div>\n<\/div>\n\n\n\n<div class=\"wp-block-column is-vertically-aligned-center is-layout-flow wp-block-column-is-layout-flow\" style=\"flex-basis:50%\">\n<figure class=\"wp-block-image aligncenter size-full is-resized\"><img loading=\"lazy\" decoding=\"async\" src=\"https:\/\/www.railcan.ca\/wp-content\/uploads\/2023\/04\/DivyaS_Picture_2022.jpg\" alt=\"Divya Shah \" class=\"wp-image-10909\" width=\"471\" height=\"628\" srcset=\"https:\/\/www.railcan.ca\/wp-content\/uploads\/2023\/04\/DivyaS_Picture_2022.jpg 480w, https:\/\/www.railcan.ca\/wp-content\/uploads\/2023\/04\/DivyaS_Picture_2022-225x300.jpg 225w\" sizes=\"auto, (max-width: 471px) 100vw, 471px\" \/><\/figure>\n<\/div>\n<\/div>\n","protected":false},"excerpt":{"rendered":"<p>Divya Shah Divya est une professionnelle accomplie dans le domaine des investissements et des services financiers, avec une grande exp\u00e9rience du financement de projets, des march\u00e9s de capitaux et des partenariats publics-priv\u00e9s (PPP). Elle est actuellement directrice g\u00e9n\u00e9rale de la Banque de l\u2019infrastructure du Canada, o\u00f9 elle dirige l\u2019\u00e9quipe d\u2019investissement responsable du d\u00e9ploiement des capitaux [&hellip;]<\/p>\n","protected":false},"author":2,"featured_media":0,"parent":10563,"menu_order":0,"comment_status":"closed","ping_status":"closed","template":"page-no-hero.php","meta":{"_acf_changed":false,"om_disable_all_campaigns":false,"inline_featured_image":false,"_monsterinsights_skip_tracking":false,"_monsterinsights_sitenote_active":false,"_monsterinsights_sitenote_note":"","_monsterinsights_sitenote_category":0,"footnotes":""},"class_list":["post-11461","page","type-page","status-publish","hentry"],"acf":[],"aioseo_notices":[],"_links":{"self":[{"href":"https:\/\/www.railcan.ca\/fr\/wp-json\/wp\/v2\/pages\/11461","targetHints":{"allow":["GET"]}}],"collection":[{"href":"https:\/\/www.railcan.ca\/fr\/wp-json\/wp\/v2\/pages"}],"about":[{"href":"https:\/\/www.railcan.ca\/fr\/wp-json\/wp\/v2\/types\/page"}],"author":[{"embeddable":true,"href":"https:\/\/www.railcan.ca\/fr\/wp-json\/wp\/v2\/users\/2"}],"replies":[{"embeddable":true,"href":"https:\/\/www.railcan.ca\/fr\/wp-json\/wp\/v2\/comments?post=11461"}],"version-history":[{"count":0,"href":"https:\/\/www.railcan.ca\/fr\/wp-json\/wp\/v2\/pages\/11461\/revisions"}],"up":[{"embeddable":true,"href":"https:\/\/www.railcan.ca\/fr\/wp-json\/wp\/v2\/pages\/10563"}],"wp:attachment":[{"href":"https:\/\/www.railcan.ca\/fr\/wp-json\/wp\/v2\/media?parent=11461"}],"curies":[{"name":"wp","href":"https:\/\/api.w.org\/{rel}","templated":true}]}}