{"id":10054,"date":"2023-02-15T11:54:33","date_gmt":"2023-02-15T16:54:33","guid":{"rendered":"https:\/\/www.railcan.ca\/?page_id=10054"},"modified":"2023-02-27T09:45:38","modified_gmt":"2023-02-27T14:45:38","slug":"fiches-informatives-infographics","status":"publish","type":"page","link":"https:\/\/www.railcan.ca\/fr\/ressources\/fiches-informatives-infographics\/","title":{"rendered":"Fiches informatives &amp; Infographics"},"content":{"rendered":"<div class='container'><div class='mx-auto px-8 pb-8 results resourceList'>\n<div class=\"card result relative pl-6 pb-8 \" >\n    <div>\n        <h6 class=\"pb-0 is-style-red-bar\">Infographie<\/h6>\n        <div class='card__imgWrap align-top'><img src='https:\/\/www.railcan.ca\/wp-content\/uploads\/2023\/04\/SPARK-RAC-PROXIMITY-LEAVE-BEHIND-2026-FR1_Page_1.jpg' class='card__img'><\/div>\n        <h4 class=\"pb-4\"><a href=\"https:\/\/www.railcan.ca\/wp-content\/uploads\/2023\/04\/SPARK-RAC-PROXIMITY-LEAVE-BEHIND-2026-FR1.pdf\" target=\"_blank\">Initiative sur les questions de voisinage<\/a><\/h4>\n\n        \n        <p><\/p>\n        <a style=\"position:absolute; bottom: 0; left: 0; padding:20px;\" href=\"https:\/\/www.railcan.ca\/wp-content\/uploads\/2023\/04\/SPARK-RAC-PROXIMITY-LEAVE-BEHIND-2026-FR1.pdf\" class=\"btn-secondary\"\n           target=\"_blank\">Lire plus<\/a>\n    <\/div>\n<\/div>\n\n\n<div class=\"card result relative pl-6 pb-8 \" >\n    <div>\n        <h6 class=\"pb-0 is-style-red-bar\">Infographie<\/h6>\n        <div class='card__imgWrap align-top'><img src='https:\/\/www.railcan.ca\/wp-content\/uploads\/2022\/12\/SPARK-RAC-INFOGRAPHIC-INDUSTRY-2026-FR2-1_Page_1.jpg' class='card__img'><\/div>\n        <h4 class=\"pb-4\"><a href=\"https:\/\/www.railcan.ca\/wp-content\/uploads\/2022\/12\/SPARK-RAC-INFOGRAPHIC-INDUSTRY-2026-FR2-1.pdf\" target=\"_blank\">Les chemins de fer du Canada: Une industrie qui a un impact<\/a><\/h4>\n\n        \n        <p><\/p>\n        <a style=\"position:absolute; bottom: 0; left: 0; padding:20px;\" href=\"https:\/\/www.railcan.ca\/wp-content\/uploads\/2022\/12\/SPARK-RAC-INFOGRAPHIC-INDUSTRY-2026-FR2-1.pdf\" class=\"btn-secondary\"\n           target=\"_blank\">Lire plus<\/a>\n    <\/div>\n<\/div>\n\n\n<div class=\"card result relative pl-6 pb-8 \" >\n    <div>\n        <h6 class=\"pb-0 is-style-red-bar\">Infographie<\/h6>\n        <div class='card__imgWrap align-top'><img src='https:\/\/www.railcan.ca\/wp-content\/uploads\/2022\/12\/SPARK-RAC-INFOGRAPHIC-TRENDS-2026-FR2.jpg' class='card__img'><\/div>\n        <h4 class=\"pb-4\"><a href=\"https:\/\/www.railcan.ca\/wp-content\/uploads\/2022\/12\/SPARK-RAC-INFOGRAPHIC-TRENDS-2026-FR2.pdf\" target=\"_blank\">Tendances ferroviaires les forces motrices du Canada<\/a><\/h4>\n\n        \n        <p><\/p>\n        <a style=\"position:absolute; bottom: 0; left: 0; padding:20px;\" href=\"https:\/\/www.railcan.ca\/wp-content\/uploads\/2022\/12\/SPARK-RAC-INFOGRAPHIC-TRENDS-2026-FR2.pdf\" class=\"btn-secondary\"\n           target=\"_blank\">Lire plus<\/a>\n    <\/div>\n<\/div>\n\n\n<div class=\"card result relative pl-6 pb-8 \" >\n    <div>\n        <h6 class=\"pb-0 is-style-red-bar\">Infographie<\/h6>\n        <div class='card__imgWrap align-top'><img src='https:\/\/www.railcan.ca\/wp-content\/uploads\/2022\/12\/SPARK-RAC-INFOGRAPHIC-CLIMATE-2026-FR4.jpg' class='card__img'><\/div>\n        <h4 class=\"pb-4\"><a href=\"https:\/\/www.railcan.ca\/wp-content\/uploads\/2022\/12\/SPARK-RAC-INFOGRAPHIC-CLIMATE-2026-FR4.pdf\" target=\"_blank\">Une partie de la solution au changement climatique<\/a><\/h4>\n\n        \n        <p><\/p>\n        <a style=\"position:absolute; bottom: 0; left: 0; padding:20px;\" href=\"https:\/\/www.railcan.ca\/wp-content\/uploads\/2022\/12\/SPARK-RAC-INFOGRAPHIC-CLIMATE-2026-FR4.pdf\" class=\"btn-secondary\"\n           target=\"_blank\">Lire plus<\/a>\n    <\/div>\n<\/div>\n\n\n<div class=\"card result relative pl-6 pb-8 \" >\n    <div>\n        <h6 class=\"pb-0 is-style-red-bar\">Infographie<\/h6>\n        <div class='card__imgWrap align-top'><img src='https:\/\/www.railcan.ca\/wp-content\/uploads\/2021\/03\/SPARK-RAC-INFOGRAPHIC_NATIONAL-2026-FR2_Page_1.jpg' class='card__img'><\/div>\n        <h4 class=\"pb-4\"><a href=\"https:\/\/www.railcan.ca\/wp-content\/uploads\/2021\/03\/SPARK-RAC-INFOGRAPHIC_NATIONAL-2026-FR2.pdf\" target=\"_blank\">Profil ferroviaire du Canada<\/a><\/h4>\n\n        \n        <p>Jetez un coup d&rsquo;\u0153il \u00e0 l&rsquo;impact des chemins de fer canadiens sur le pays. Cela comprend les chiffres \u00e9conomiques et environnementaux.<\/p>\n        <a style=\"position:absolute; bottom: 0; left: 0; padding:20px;\" href=\"https:\/\/www.railcan.ca\/wp-content\/uploads\/2021\/03\/SPARK-RAC-INFOGRAPHIC_NATIONAL-2026-FR2.pdf\" class=\"btn-secondary\"\n           target=\"_blank\">Lire plus<\/a>\n    <\/div>\n<\/div>\n\n\n<div class=\"card result relative pl-6 pb-8 \" >\n    <div>\n        <h6 class=\"pb-0 is-style-red-bar\">Infographie<\/h6>\n        <div class='card__imgWrap align-top'><img src='https:\/\/www.railcan.ca\/wp-content\/uploads\/2021\/03\/SPARK-RAC-INFOGRAPHIC_SHORTLINE-2026-FR3_Page_1.jpg' class='card__img'><\/div>\n        <h4 class=\"pb-4\"><a href=\"https:\/\/www.railcan.ca\/wp-content\/uploads\/2021\/03\/SPARK-RAC-INFOGRAPHIC_SHORTLINE-2026-FR3.pdf\" target=\"_blank\">Profil des chemins de fer d&rsquo;int\u00e9r\u00eat local<\/a><\/h4>\n\n        \n        <p>Les exploitants de chemins de fer d&rsquo;int\u00e9r\u00eat local sont souvent l&rsquo;un des premiers maillons des chaines d&rsquo;approvisionnement essentielles canadiennes. Ces entreprises soutiennent les economies locales&#8230;<\/p>\n        <a style=\"position:absolute; bottom: 0; left: 0; padding:20px;\" href=\"https:\/\/www.railcan.ca\/wp-content\/uploads\/2021\/03\/SPARK-RAC-INFOGRAPHIC_SHORTLINE-2026-FR3.pdf\" class=\"btn-secondary\"\n           target=\"_blank\">Lire plus<\/a>\n    <\/div>\n<\/div>\n\n\n<div class=\"card result relative pl-6 pb-8 \" >\n    <div>\n        <h6 class=\"pb-0 is-style-red-bar\">Infographie<\/h6>\n        <div class='card__imgWrap align-top'><img src='https:\/\/www.railcan.ca\/wp-content\/uploads\/2020\/04\/SPARK-RAC-INFOGRAPHIC-INDUSTRY-2026-FR2_Page_1.jpg' class='card__img'><\/div>\n        <h4 class=\"pb-4\"><a href=\"https:\/\/www.railcan.ca\/wp-content\/uploads\/2020\/04\/SPARK-RAC-INFOGRAPHIC-INDUSTRY-2026-FR2.pdf\" target=\"_blank\">Profils provinciaux\/r\u00e9gionaux 2018<\/a><\/h4>\n\n        \n        <p>Ce document recto-verso comprend une carte du r\u00e9seau ferroviaire du Canada et des chiffres cl\u00e9s sur la performance du secteur ferroviaire en 2018. La page&#8230;<\/p>\n        <a style=\"position:absolute; bottom: 0; left: 0; padding:20px;\" href=\"https:\/\/www.railcan.ca\/wp-content\/uploads\/2020\/04\/SPARK-RAC-INFOGRAPHIC-INDUSTRY-2026-FR2.pdf\" class=\"btn-secondary\"\n           target=\"_blank\">Lire plus<\/a>\n    <\/div>\n<\/div>\n\n\n<div class=\"card result relative pl-6 pb-8 \" >\n    <div>\n        <h6 class=\"pb-0 is-style-red-bar\">Infographie<\/h6>\n        <div class='card__imgWrap align-top'><img src='https:\/\/www.railcan.ca\/wp-content\/uploads\/2019\/11\/SPARK-RAC-INFOGRAPHIC-DELIVERING-2026-FR1_Page_1.jpg' class='card__img'><\/div>\n        <h4 class=\"pb-4\"><a href=\"https:\/\/www.railcan.ca\/wp-content\/uploads\/2019\/11\/SPARK-RAC-INFOGRAPHIC-DELIVERING-2026-FR1.pdf\" target=\"_blank\">Les Chemins de Fer au Canada: Assurer l&rsquo;\u00e9conomie de l&rsquo;avenir<\/a><\/h4>\n\n        \n        <p>Par leurs activit\u00e9s, les entreprises ferroviaires soutiennent la classe moyenne, contribuent au d\u00e9veloppement des march\u00e9s par le transport des marchandises, et font prosp\u00e9rer les \u00e9conomies&#8230;<\/p>\n        <a style=\"position:absolute; bottom: 0; left: 0; padding:20px;\" href=\"https:\/\/www.railcan.ca\/wp-content\/uploads\/2019\/11\/SPARK-RAC-INFOGRAPHIC-DELIVERING-2026-FR1.pdf\" class=\"btn-secondary\"\n           target=\"_blank\">Lire plus<\/a>\n    <\/div>\n<\/div>\n\n\n<div class=\"card result relative pl-6 pb-8 \" >\n    <div>\n        <h6 class=\"pb-0 is-style-red-bar\">Infographie<\/h6>\n        <div class='card__imgWrap align-top'><img src='https:\/\/www.railcan.ca\/wp-content\/uploads\/2019\/08\/SPARK-RAC-INFOGRAPHIC_SAFETY-2026-FR2-scaled.jpg' class='card__img'><\/div>\n        <h4 class=\"pb-4\"><a href=\"https:\/\/www.railcan.ca\/wp-content\/uploads\/2019\/08\/SPARK-RAC-INFOGRAPHIC_SAFETY-2026-FR2.pdf\" target=\"_blank\">Chemins de fer canadiens : La s\u00e9curit\u00e9 avant tout<\/a><\/h4>\n\n        \n        <p>Les chemins de fer canadiens sont parmi les plus s\u00e9curitaires dans le monde et ils recherchent continuellement \u00e0 am\u00e9liorer leur bilan en termes de s\u00e9curit\u00e9&#8230;.<\/p>\n        <a style=\"position:absolute; bottom: 0; left: 0; padding:20px;\" href=\"https:\/\/www.railcan.ca\/wp-content\/uploads\/2019\/08\/SPARK-RAC-INFOGRAPHIC_SAFETY-2026-FR2.pdf\" class=\"btn-secondary\"\n           target=\"_blank\">Lire plus<\/a>\n    <\/div>\n<\/div>\n\n\n<div class=\"card result relative pl-6 pb-8 \" >\n    <div>\n        <h6 class=\"pb-0 is-style-red-bar\">Fiche d&rsquo;information<\/h6>\n        <div class='card__imgWrap align-top'><img src='https:\/\/www.railcan.ca\/wp-content\/uploads\/2018\/05\/Marijuana_factsheet_FR-612x490.jpg' class='card__img'><\/div>\n        <h4 class=\"pb-4\"><a href=\"https:\/\/www.railcan.ca\/wp-content\/uploads\/2018\/05\/Marijuana_factsheet_FR.pdf\" target=\"_blank\">Comment la l\u00e9galisation de la marijuana pourrait toucher la s\u00e9curit\u00e9 en milieu de travail<\/a><\/h4>\n\n        \n        <p>La s\u00e9curit\u00e9 est une priorit\u00e9 absolue pour les chemins de fer du Canada. Avant que la consommation de la marijuana r\u00e9cr\u00e9ative soit l\u00e9gale, les gouvernements&#8230;<\/p>\n        <a style=\"position:absolute; bottom: 0; left: 0; padding:20px;\" href=\"https:\/\/www.railcan.ca\/wp-content\/uploads\/2018\/05\/Marijuana_factsheet_FR.pdf\" class=\"btn-secondary\"\n           target=\"_blank\">Lire plus<\/a>\n    <\/div>\n<\/div>\n\n\n<div class=\"card result relative pl-6 pb-8 \" >\n    <div>\n        <h6 class=\"pb-0 is-style-red-bar\">Infographie<\/h6>\n        <div class='card__imgWrap align-top'><img src='https:\/\/www.railcan.ca\/wp-content\/uploads\/2017\/06\/AskRail-Infographic_Fre_Feb2018_thumbnail-612x398.jpg' class='card__img'><\/div>\n        <h4 class=\"pb-4\"><a href=\"https:\/\/www.railcan.ca\/wp-content\/uploads\/2017\/06\/AskRail_infographic_2018_FR.pdf\" target=\"_blank\">AskRailMC<\/a><\/h4>\n\n        \n        <p>L\u2019appli AskRailMC donne aux premiers intervenants un acc\u00e8s imm\u00e9diat \u00e0 des donn\u00e9es pr\u00e9cises et \u00e0 jour sur le contenu des wagons, ce qui leur permet&#8230;<\/p>\n        <a style=\"position:absolute; bottom: 0; left: 0; padding:20px;\" href=\"https:\/\/www.railcan.ca\/wp-content\/uploads\/2017\/06\/AskRail_infographic_2018_FR.pdf\" class=\"btn-secondary\"\n           target=\"_blank\">Lire plus<\/a>\n    <\/div>\n<\/div>\n\n\n<div class=\"card result relative pl-6 pb-8 card--fpmImage\" >\n    <div>\n        <h6 class=\"pb-0 is-style-red-bar\">Fiche d&rsquo;information<\/h6>\n        <div class='card__imgWrap align-top'><img src='\/wp-content\/themes\/rac-2021\/images\/rac-emblem.svg' class='card__img'><\/div>\n        <h4 class=\"pb-4\"><a href=\"\" target=\"_blank\">Le d\u00e9placement des voies ferr\u00e9es au Canada<\/a><\/h4>\n\n        \n        <p>Le d\u00e9placement des lignes de chemin de fer est la pratique consistant \u00e0 d\u00e9placer les voies ferr\u00e9es et les installations ferroviaires hors des r\u00e9gions urbaines&#8230;.<\/p>\n        <a style=\"position:absolute; bottom: 0; left: 0; padding:20px;\" href=\"\" class=\"btn-secondary\"\n           target=\"_blank\">Lire plus<\/a>\n    <\/div>\n<\/div>\n\n<\/div><\/div>","protected":false},"excerpt":{"rendered":"","protected":false},"author":2,"featured_media":7309,"parent":674,"menu_order":0,"comment_status":"closed","ping_status":"closed","template":"","meta":{"_acf_changed":false,"om_disable_all_campaigns":false,"inline_featured_image":false,"_monsterinsights_skip_tracking":false,"_monsterinsights_sitenote_active":false,"_monsterinsights_sitenote_note":"","_monsterinsights_sitenote_category":0,"footnotes":""},"class_list":["post-10054","page","type-page","status-publish","has-post-thumbnail","hentry"],"acf":[],"aioseo_notices":[],"_links":{"self":[{"href":"https:\/\/www.railcan.ca\/fr\/wp-json\/wp\/v2\/pages\/10054","targetHints":{"allow":["GET"]}}],"collection":[{"href":"https:\/\/www.railcan.ca\/fr\/wp-json\/wp\/v2\/pages"}],"about":[{"href":"https:\/\/www.railcan.ca\/fr\/wp-json\/wp\/v2\/types\/page"}],"author":[{"embeddable":true,"href":"https:\/\/www.railcan.ca\/fr\/wp-json\/wp\/v2\/users\/2"}],"replies":[{"embeddable":true,"href":"https:\/\/www.railcan.ca\/fr\/wp-json\/wp\/v2\/comments?post=10054"}],"version-history":[{"count":0,"href":"https:\/\/www.railcan.ca\/fr\/wp-json\/wp\/v2\/pages\/10054\/revisions"}],"up":[{"embeddable":true,"href":"https:\/\/www.railcan.ca\/fr\/wp-json\/wp\/v2\/pages\/674"}],"wp:featuredmedia":[{"embeddable":true,"href":"https:\/\/www.railcan.ca\/fr\/wp-json\/wp\/v2\/media\/7309"}],"wp:attachment":[{"href":"https:\/\/www.railcan.ca\/fr\/wp-json\/wp\/v2\/media?parent=10054"}],"curies":[{"name":"wp","href":"https:\/\/api.w.org\/{rel}","templated":true}]}}